{"id":777,"date":"2026-01-21T17:34:42","date_gmt":"2026-01-21T17:34:42","guid":{"rendered":"https:\/\/dev.photospott.com\/?page_id=777"},"modified":"2026-01-27T14:51:36","modified_gmt":"2026-01-27T14:51:36","slug":"%d0%b1%d0%b8%d1%81%d0%ba%d0%b2%d0%b8%d1%82%d0%ba%d0%b8","status":"publish","type":"page","link":"https:\/\/photospott.com\/tr\/%d0%b1%d0%b8%d1%81%d0%ba%d0%b2%d0%b8%d1%82%d0%ba%d0%b8\/","title":{"rendered":"FAYDALI B\u0130LG\u0130LER"},"content":{"rendered":"<div data-elementor-type=\"wp-page\" data-elementor-id=\"777\" class=\"elementor elementor-777\" data-elementor-post-type=\"page\">\n\t\t\t\t<div class=\"wd-negative-gap elementor-element elementor-element-2dab0cf wd-section-stretch-content e-flex e-con-boxed e-con e-parent\" data-id=\"2dab0cf\" data-element_type=\"container\">\n\t\t\t\t\t<div class=\"e-con-inner\">\n\t\t\t\t<div class=\"elementor-element elementor-element-c16acf5 wd-animation-slide-from-top wd-animation-fast wd_delay_100 wd-animation wd-transform elementor-widget elementor-widget-heading\" data-id=\"c16acf5\" data-element_type=\"widget\" data-widget_type=\"heading.default\">\n\t\t\t\t\t<h2 class=\"elementor-heading-title elementor-size-default\">\u00c7EREZLER<\/h2>\t\t\t\t<\/div>\n\t\t\t\t\t<\/div>\n\t\t\t\t<\/div>\n\t\t<div class=\"wd-negative-gap elementor-element elementor-element-3165b7b e-flex e-con-boxed e-con e-parent\" data-id=\"3165b7b\" data-element_type=\"container\">\n\t\t\t\t\t<div class=\"e-con-inner\">\n\t\t\t\t<div class=\"elementor-element elementor-element-2479a14 elementor-widget elementor-widget-wd_text_block\" data-id=\"2479a14\" data-element_type=\"widget\" data-widget_type=\"wd_text_block.default\">\n\t\t\t\t<div class=\"elementor-widget-container\">\n\t\t\t\t\t\t\t<div class=\"wd-text-block reset-last-child text-left\">\n\t\t\t\n\t\t\t<p class=\"p1\"><b>Son g\u00fcncelleme:<\/b><span class=\"s1\"> 21.01.2026 \u0433.<\/span><\/p><h3><b>\u00c7erezler nedir?<\/b><\/h3><p class=\"p4\">\u00c7erezler (\u201ccookies\u201d), Sitenin do\u011fru \u00e7al\u0131\u015fmas\u0131, tercihlerinizi hat\u0131rlamas\u0131 ve istatistik toplamas\u0131 i\u00e7in cihaz\u0131n\u0131za kaydedilen k\u00fc\u00e7\u00fck metin dosyalar\u0131d\u0131r.<\/p><h3><b>2. Hangi \u00e7erezleri kullan\u0131yoruz?<\/b><\/h3><p class=\"p1\"><b>2.1. Kesinlikle gerekli (zorunlu)<\/b><b><\/b><\/p><p class=\"p4\">Temel i\u015flevler i\u00e7in gereklidir: profilde oturum a\u00e7ma, g\u00fcvenli oturum, gezinme, se\u00e7imlerin kaydedilmesi. Bunlar banner \u00fczerinden devre d\u0131\u015f\u0131 b\u0131rak\u0131lamaz; \u00e7\u00fcnk\u00fc bunlar olmadan Site d\u00fczg\u00fcn \u00e7al\u0131\u015fmaz.<\/p><p class=\"p1\"><b>2.2. \u0130\u015flevsel<\/b><b><\/b><\/p><p class=\"p4\">Tercihlerinizi (\u00f6r. dil, ayarlar) hat\u0131rlayarak siteyi daha kolay ve ki\u015fiselle\u015ftirilmi\u015f \u015fekilde kullanman\u0131z\u0131 sa\u011flar.<\/p><p class=\"p1\"><b>2.3. Analitik (istatistik)<\/b><b><\/b><\/p><p class=\"p4\">Sitenin nas\u0131l kullan\u0131ld\u0131\u011f\u0131n\u0131 (ziyaretler, sayfalar, ge\u00e7irilen s\u00fcre, hatalar) anlamam\u0131za ve geli\u015ftirmemize yard\u0131mc\u0131 olur. Genellikle etkinle\u015ftirilir\u2026 <span class=\"s3\"><b>\u0441\u0430\u043c\u043e \u0441\u044a\u0441 \u0441\u044a\u0433\u043b\u0430\u0441\u0438\u0435<\/b><\/span>.<\/p><p class=\"p1\"><b>2.4. Pazarlama (reklam)<\/b><b><\/b><\/p><p class=\"p4\">Ki\u015fiselle\u015ftirilmi\u015f reklamlar\/yeniden pazarlama (kullan\u0131l\u0131yorsa) i\u00e7in kullan\u0131l\u0131r. Genellikle etkinle\u015ftirilir\u2026 <span class=\"s3\"><b>\u0441\u0430\u043c\u043e \u0441\u044a\u0441 \u0441\u044a\u0433\u043b\u0430\u0441\u0438\u0435<\/b><\/span>.<\/p><blockquote>E\u011fer\u2026 <span class=\"s3\"><b>\u043d\u0435 \u0438\u0437\u043f\u043e\u043b\u0437\u0432\u0430\u0442\u0435<\/b><\/span> Analitik\/pazarlama ara\u00e7lar\u0131 kullanm\u0131yorsan\u0131z, yaln\u0131zca \u201cKesinlikle gerekli\u201d + \u201c\u0130\u015flevsel\u201d \u00e7erezleri b\u0131rakabilirsiniz.<\/blockquote><h3><b>3. Onay\u0131n y\u00f6netimi<\/b><\/h3><p class=\"p4\">\u0130lk ziyaretinizde, a\u015fa\u011f\u0131dakileri yapabilece\u011finiz bir \u00e7erez bildirimi (banner) g\u00f6steriyoruz:<\/p><ul><li><p class=\"p1\">hepsini kabul edin,<\/p><\/li><li><p class=\"p1\">zorunlu olmayanlar\u0131 reddedin,<\/p><\/li><li><p class=\"p1\">tercihlerinizi kategori baz\u0131nda ayarlay\u0131n.<\/p><\/li><\/ul><p class=\"p4\">Se\u00e7iminizi diledi\u011finiz zaman , \u00fczerinden de\u011fi\u015ftirebilirsiniz. <span class=\"s3\"><b>[sitedeki \u201c\u00c7erez ayarlar\u0131\u201d ba\u011flant\u0131s\u0131\/d\u00fc\u011fmesi]<\/b><\/span>.<\/p><h3><b>4. \u00c7erezler nas\u0131l silinir\/engellenir<\/b><\/h3><p class=\"p4\">\u00c7erezleri taray\u0131c\u0131 ayarlar\u0131n\u0131zdan da y\u00f6netebilirsiniz (silme, engelleme, k\u0131s\u0131tlama). Kesinlikle gerekli \u00e7erezleri engellemenin profilinizin ve rezervasyonlar\u0131n d\u00fczg\u00fcn \u00e7al\u0131\u015fmas\u0131n\u0131 etkileyebilece\u011fini unutmay\u0131n.<\/p>\n\t\t\t\t\t<\/div>\n\t\t\t\t\t\t<\/div>\n\t\t\t\t<\/div>\n\t\t\t\t\t<\/div>\n\t\t\t\t<\/div>\n\t\t\t\t<\/div>","protected":false},"excerpt":{"rendered":"<p>\u0411\u0418\u0421\u041a\u0412\u0418\u0422\u041a\u0418 \u041f\u043e\u0441\u043b\u0435\u0434\u043d\u0430 \u0430\u043a\u0442\u0443\u0430\u043b\u0438\u0437\u0430\u0446\u0438\u044f: 21.01.2026 \u0433. 1. \u041a\u0430\u043a\u0432\u043e \u0441\u0430 \u0431\u0438\u0441\u043a\u0432\u0438\u0442\u043a\u0438\u0442\u0435 \u0411\u0438\u0441\u043a\u0432\u0438\u0442\u043a\u0438\u0442\u0435 (\u201ecookies\u201c) \u0441\u0430 \u043c\u0430\u043b\u043a\u0438 \u0442\u0435\u043a\u0441\u0442\u043e\u0432\u0438 \u0444\u0430\u0439\u043b\u043e\u0432\u0435, \u043a\u043e\u0438\u0442\u043e \u0441\u0435 \u0437\u0430\u043f\u0438\u0441\u0432\u0430\u0442 \u043d\u0430 \u0432\u0430\u0448\u0435\u0442\u043e<\/p>","protected":false},"author":1,"featured_media":0,"parent":0,"menu_order":0,"comment_status":"closed","ping_status":"closed","template":"","meta":{"footnotes":""},"class_list":["post-777","page","type-page","status-publish","hentry"],"_links":{"self":[{"href":"https:\/\/photospott.com\/tr\/wp-json\/wp\/v2\/pages\/777","targetHints":{"allow":["GET"]}}],"collection":[{"href":"https:\/\/photospott.com\/tr\/wp-json\/wp\/v2\/pages"}],"about":[{"href":"https:\/\/photospott.com\/tr\/wp-json\/wp\/v2\/types\/page"}],"author":[{"embeddable":true,"href":"https:\/\/photospott.com\/tr\/wp-json\/wp\/v2\/users\/1"}],"replies":[{"embeddable":true,"href":"https:\/\/photospott.com\/tr\/wp-json\/wp\/v2\/comments?post=777"}],"version-history":[{"count":7,"href":"https:\/\/photospott.com\/tr\/wp-json\/wp\/v2\/pages\/777\/revisions"}],"predecessor-version":[{"id":1127,"href":"https:\/\/photospott.com\/tr\/wp-json\/wp\/v2\/pages\/777\/revisions\/1127"}],"wp:attachment":[{"href":"https:\/\/photospott.com\/tr\/wp-json\/wp\/v2\/media?parent=777"}],"curies":[{"name":"wp","href":"https:\/\/api.w.org\/{rel}","templated":true}]}}