{"id":574,"date":"2026-01-20T18:12:02","date_gmt":"2026-01-20T18:12:02","guid":{"rendered":"https:\/\/dev.photospott.com\/?page_id=574"},"modified":"2026-02-07T20:13:53","modified_gmt":"2026-02-07T20:13:53","slug":"za-men","status":"publish","type":"page","link":"https:\/\/photospott.com\/tr\/za-men\/","title":{"rendered":"Hakk\u0131mda"},"content":{"rendered":"<div data-elementor-type=\"wp-page\" data-elementor-id=\"574\" class=\"elementor elementor-574\" data-elementor-post-type=\"page\">\n\t\t\t\t<div class=\"wd-negative-gap elementor-element elementor-element-b61ca56 wd-section-stretch-content e-flex e-con-boxed e-con e-parent\" data-id=\"b61ca56\" data-element_type=\"container\">\n\t\t\t\t\t<div class=\"e-con-inner\">\n\t\t\t\t<div class=\"elementor-element elementor-element-f38a518 wd-animation-slide-from-top wd-animation-fast wd_delay_100 wd-animation wd-transform elementor-widget elementor-widget-heading\" data-id=\"f38a518\" data-element_type=\"widget\" data-widget_type=\"heading.default\">\n\t\t\t\t\t<h2 class=\"elementor-heading-title elementor-size-default\">Hikayem<\/h2>\t\t\t\t<\/div>\n\t\t\t\t\t<\/div>\n\t\t\t\t<\/div>\n\t\t<div class=\"elementor-element elementor-element-09bd26d wd-section-stretch-content e-flex e-con-boxed e-con e-parent\" data-id=\"09bd26d\" data-element_type=\"container\" data-settings=\"{&quot;animation&quot;:&quot;none&quot;}\">\n\t\t\t\t\t<div class=\"e-con-inner\">\n\t\t<div class=\"elementor-element elementor-element-d5e3dab e-con-full e-flex e-con e-child\" data-id=\"d5e3dab\" data-element_type=\"container\">\n\t\t\t\t<div class=\"elementor-element elementor-element-fa5e364 elementor-hidden-mobile elementor-widget elementor-widget-image\" data-id=\"fa5e364\" data-element_type=\"widget\" data-widget_type=\"image.default\">\n\t\t\t\t\t\t\t\t\t\t\t\t\t\t\t<img loading=\"lazy\" decoding=\"async\" width=\"819\" height=\"1024\" src=\"https:\/\/photospott.com\/wp-content\/uploads\/2025\/12\/IMG_1012-819x1024-1.jpg\" class=\"attachment-full size-full wp-image-103\" alt=\"\" srcset=\"https:\/\/photospott.com\/wp-content\/uploads\/2025\/12\/IMG_1012-819x1024-1.jpg 819w, https:\/\/photospott.com\/wp-content\/uploads\/2025\/12\/IMG_1012-819x1024-1-150x188.jpg 150w, https:\/\/photospott.com\/wp-content\/uploads\/2025\/12\/IMG_1012-819x1024-1-600x750.jpg 600w, https:\/\/photospott.com\/wp-content\/uploads\/2025\/12\/IMG_1012-819x1024-1-240x300.jpg 240w, https:\/\/photospott.com\/wp-content\/uploads\/2025\/12\/IMG_1012-819x1024-1-768x960.jpg 768w\" sizes=\"auto, (max-width: 819px) 100vw, 819px\" \/>\t\t\t\t\t\t\t\t\t\t\t\t\t\t\t<\/div>\n\t\t\t\t<\/div>\n\t\t<div class=\"elementor-element elementor-element-ae2f270 e-con-full e-flex e-con e-child\" data-id=\"ae2f270\" data-element_type=\"container\">\n\t\t\t\t<div class=\"elementor-element elementor-element-20d77b2 elementor-widget elementor-widget-heading\" data-id=\"20d77b2\" data-element_type=\"widget\" data-widget_type=\"heading.default\">\n\t\t\t\t\t<h2 class=\"elementor-heading-title elementor-size-default\">AYDIN AYDIN <br>\n<span style=\"color:#B20710\">K\u0130MD\u0130R ?<\/span><\/h2>\t\t\t\t<\/div>\n\t\t\t\t<div class=\"elementor-element elementor-element-cd50ade elementor-widget-divider--view-line elementor-widget elementor-widget-divider\" data-id=\"cd50ade\" data-element_type=\"widget\" data-widget_type=\"divider.default\">\n\t\t\t\t\t\t\t<div class=\"elementor-divider\">\n\t\t\t<span class=\"elementor-divider-separator\">\n\t\t\t\t\t\t<\/span>\n\t\t<\/div>\n\t\t\t\t\t\t<\/div>\n\t\t\t\t<div class=\"elementor-element elementor-element-2c92358 text-center color-scheme-inherit elementor-widget elementor-widget-text-editor\" data-id=\"2c92358\" data-element_type=\"widget\" data-widget_type=\"text-editor.default\">\n\t\t\t\t\t\t\t\t\t<p>Kendimi tan\u0131tmama izin verin ve \u00e7al\u0131\u015fmalar\u0131ma g\u00f6sterdi\u011finiz ilgi i\u00e7in i\u00e7tenlikle te\u015fekk\u00fcr ederim.<\/p>\t\t\t\t\t\t\t\t<\/div>\n\t\t\t\t<div class=\"elementor-element elementor-element-5231616 text-center color-scheme-inherit elementor-widget elementor-widget-text-editor\" data-id=\"5231616\" data-element_type=\"widget\" data-widget_type=\"text-editor.default\">\n\t\t\t\t\t\t\t\t\t<p>Benim ad\u0131m Ayd\u0131n Ayd\u0131n ve 8 y\u0131l\u0131 a\u015fk\u0131n s\u00fcredir foto\u011fraf\u00e7\u0131l\u0131k ve videografi ile profesyonel olarak ilgileniyorum.<br \/>Benim i\u00e7in foto\u011fraf\u00e7\u0131l\u0131k sadece bir kare de\u011fil; bir his, bir detay ve bir duygudur<\/p><p>Photo Spot\u2019u net bir fikirle kurdum: kalite ve yakla\u015f\u0131m konusunda asla taviz vermeden, yapabilece\u011fimizin en iyisini sunmak.<\/p><p>\u0130lk g\u00f6r\u00fc\u015fmeden nihai sonuca kadar her projeye \u00f6zenle yakla\u015f\u0131yoruz.<br \/>Amac\u0131m\u0131z yaln\u0131zca g\u00fczel foto\u011fraflar de\u011fil; hissedilen ve ak\u0131lda kalan hik\u00e2yeler yaratmak.<\/p><p>Photo Spot, kaliteyi, esteti\u011fi ve profesyonelli\u011fi \u00f6nemseyen insanlar i\u00e7indir.<\/p>\t\t\t\t\t\t\t\t<\/div>\n\t\t\t\t<div class=\"elementor-element elementor-element-8894f3e elementor-hidden-desktop elementor-hidden-tablet elementor-widget elementor-widget-image\" data-id=\"8894f3e\" data-element_type=\"widget\" data-widget_type=\"image.default\">\n\t\t\t\t\t\t\t\t\t\t\t\t\t\t\t<img loading=\"lazy\" decoding=\"async\" width=\"819\" height=\"1024\" src=\"https:\/\/photospott.com\/wp-content\/uploads\/2025\/12\/IMG_1012-819x1024-1.jpg\" class=\"attachment-full size-full wp-image-103\" alt=\"\" srcset=\"https:\/\/photospott.com\/wp-content\/uploads\/2025\/12\/IMG_1012-819x1024-1.jpg 819w, https:\/\/photospott.com\/wp-content\/uploads\/2025\/12\/IMG_1012-819x1024-1-150x188.jpg 150w, https:\/\/photospott.com\/wp-content\/uploads\/2025\/12\/IMG_1012-819x1024-1-600x750.jpg 600w, https:\/\/photospott.com\/wp-content\/uploads\/2025\/12\/IMG_1012-819x1024-1-240x300.jpg 240w, https:\/\/photospott.com\/wp-content\/uploads\/2025\/12\/IMG_1012-819x1024-1-768x960.jpg 768w\" sizes=\"auto, (max-width: 819px) 100vw, 819px\" \/>\t\t\t\t\t\t\t\t\t\t\t\t\t\t\t<\/div>\n\t\t\t\t<\/div>\n\t\t\t\t\t<\/div>\n\t\t\t\t<\/div>\n\t\t\t\t<\/div>","protected":false},"excerpt":{"rendered":"<p>\u041c\u041e\u042f\u0422\u0410 \u0418\u0421\u0422\u041e\u0420\u0418\u042f \u041a\u043e\u0439 \u0435 \u0410\u0439\u0434\u044a\u043d \u0410\u0439\u0434\u044a\u043d ? \u041f\u043e\u0437\u0432\u043e\u043b\u0435\u0442\u0435 \u043c\u0438 \u0434\u0430 \u0441\u0435 \u043f\u0440\u0435\u0434\u0441\u0442\u0430\u0432\u044f \u0438 \u0438\u0441\u043a\u0440\u0435\u043d\u043e \u0431\u043b\u0430\u0433\u043e\u0434\u0430\u0440\u044f \u0437\u0430 \u0438\u043d\u0442\u0435\u0440\u0435\u0441\u0430 \u043a\u044a\u043c \u043c\u043e\u044f\u0442\u0430 \u0440\u0430\u0431\u043e\u0442\u0430.<\/p>","protected":false},"author":1,"featured_media":0,"parent":0,"menu_order":0,"comment_status":"closed","ping_status":"closed","template":"","meta":{"footnotes":""},"class_list":["post-574","page","type-page","status-publish","hentry"],"_links":{"self":[{"href":"https:\/\/photospott.com\/tr\/wp-json\/wp\/v2\/pages\/574","targetHints":{"allow":["GET"]}}],"collection":[{"href":"https:\/\/photospott.com\/tr\/wp-json\/wp\/v2\/pages"}],"about":[{"href":"https:\/\/photospott.com\/tr\/wp-json\/wp\/v2\/types\/page"}],"author":[{"embeddable":true,"href":"https:\/\/photospott.com\/tr\/wp-json\/wp\/v2\/users\/1"}],"replies":[{"embeddable":true,"href":"https:\/\/photospott.com\/tr\/wp-json\/wp\/v2\/comments?post=574"}],"version-history":[{"count":62,"href":"https:\/\/photospott.com\/tr\/wp-json\/wp\/v2\/pages\/574\/revisions"}],"predecessor-version":[{"id":1404,"href":"https:\/\/photospott.com\/tr\/wp-json\/wp\/v2\/pages\/574\/revisions\/1404"}],"wp:attachment":[{"href":"https:\/\/photospott.com\/tr\/wp-json\/wp\/v2\/media?parent=574"}],"curies":[{"name":"wp","href":"https:\/\/api.w.org\/{rel}","templated":true}]}}