{"id":383,"date":"2026-01-19T09:07:02","date_gmt":"2026-01-19T09:07:02","guid":{"rendered":"https:\/\/dev.photospott.com\/?page_id=383"},"modified":"2026-01-19T09:07:23","modified_gmt":"2026-01-19T09:07:23","slug":"%d0%bf%d0%be%d1%80%d1%82%d1%80%d0%b5%d1%82%d0%b8","status":"publish","type":"page","link":"https:\/\/photospott.com\/tr\/%d0%bf%d0%be%d1%80%d1%82%d1%80%d0%b5%d1%82%d0%b8\/","title":{"rendered":"Portreler"},"content":{"rendered":"<div data-elementor-type=\"wp-page\" data-elementor-id=\"383\" class=\"elementor elementor-383\" data-elementor-post-type=\"page\">\n\t\t\t\t<div class=\"wd-negative-gap elementor-element elementor-element-c2e55f4 e-flex e-con-boxed e-con e-parent\" data-id=\"c2e55f4\" data-element_type=\"container\">\n\t\t\t\t\t<div class=\"e-con-inner\">\n\t\t\t\t<div class=\"elementor-element elementor-element-4364e9b text-center color-scheme-inherit elementor-widget elementor-widget-text-editor\" data-id=\"4364e9b\" data-element_type=\"widget\" data-widget_type=\"text-editor.default\">\n\t\t\t\t\t\t\t\t\t<p>Lorem ipsum dolor sit amet, consectetur adipiscing elit. Ut elit tellus, luctus nec ullamcorper mattis, pulvinar dapibus leo.<\/p>\t\t\t\t\t\t\t\t<\/div>\n\t\t\t\t<div class=\"elementor-element elementor-element-dbc9e4b elementor-widget-divider--view-line elementor-widget elementor-widget-divider\" data-id=\"dbc9e4b\" data-element_type=\"widget\" data-widget_type=\"divider.default\">\n\t\t\t\t\t\t\t<div class=\"elementor-divider\">\n\t\t\t<span class=\"elementor-divider-separator\">\n\t\t\t\t\t\t<\/span>\n\t\t<\/div>\n\t\t\t\t\t\t<\/div>\n\t\t\t\t\t<\/div>\n\t\t\t\t<\/div>\n\t\t<div class=\"wd-negative-gap elementor-element elementor-element-fabdf07 e-flex e-con-boxed e-con e-parent\" data-id=\"fabdf07\" data-element_type=\"container\">\n\t\t\t\t\t<div class=\"e-con-inner\">\n\t\t<div class=\"elementor-element elementor-element-0afe29d e-con-full e-flex e-con e-child\" data-id=\"0afe29d\" data-element_type=\"container\">\n\t\t\t\t<div class=\"elementor-element elementor-element-7ab3191 elementor-widget elementor-widget-wd_infobox\" data-id=\"7ab3191\" data-element_type=\"widget\" data-widget_type=\"wd_infobox.default\">\n\t\t\t\t<div class=\"elementor-widget-container\">\n\t\t\t\t\t\t\t<div class=\"info-box-wrapper\">\n\t\t\t<div class=\"wd-info-box text-center box-icon-align-top box-style-shadow color-scheme- with-btn box-btn-static\">\n\t\t\t\t\t\t\t\t\t<div class=\"box-icon-wrapper  box-with-icon box-icon-simple\">\n\t\t\t\t\t\t<div class=\"info-box-icon\">\n\t\t\t\t\t\t\t\t\t\t\t\t\t\t\t<img loading=\"lazy\" decoding=\"async\" width=\"1600\" height=\"1066\" src=\"https:\/\/photospott.com\/wp-content\/uploads\/2025\/12\/Image-2025-12-26-at-13.00.21.jpeg\" class=\"attachment-full size-full\" alt=\"\" srcset=\"https:\/\/photospott.com\/wp-content\/uploads\/2025\/12\/Image-2025-12-26-at-13.00.21.jpeg 1600w, https:\/\/photospott.com\/wp-content\/uploads\/2025\/12\/Image-2025-12-26-at-13.00.21-150x100.jpeg 150w, https:\/\/photospott.com\/wp-content\/uploads\/2025\/12\/Image-2025-12-26-at-13.00.21-600x400.jpeg 600w, https:\/\/photospott.com\/wp-content\/uploads\/2025\/12\/Image-2025-12-26-at-13.00.21-300x200.jpeg 300w, https:\/\/photospott.com\/wp-content\/uploads\/2025\/12\/Image-2025-12-26-at-13.00.21-1024x682.jpeg 1024w, https:\/\/photospott.com\/wp-content\/uploads\/2025\/12\/Image-2025-12-26-at-13.00.21-768x512.jpeg 768w, https:\/\/photospott.com\/wp-content\/uploads\/2025\/12\/Image-2025-12-26-at-13.00.21-1536x1023.jpeg 1536w\" sizes=\"auto, (max-width: 1600px) 100vw, 1600px\" \/>\t\t\t\t\t\t\t\t\t\t\t\t\t<\/div>\n\t\t\t\t\t<\/div>\n\t\t\t\t\n\t\t\t\t<div class=\"info-box-content\">\n\t\t\t\t\t\n\t\t\t\t\t\t\t\t\t\t\t<h4\t\t\t\t\t\tclass=\"info-box-title title box-title-style-default wd-fontsize-m\" data-elementor-setting-key=\"title\">\n\t\t\t\t\t\t\t\tFoto\u011fraflar\t\t\t\t\t\t<\/h4>\n\t\t\t\t\t\n\t\t\t\t\t<div class=\"info-box-inner reset-last-child\"data-elementor-setting-key=\"content\"><\/div>\n\n\t\t\t\t\t\t\t\t\t\t\t<div class=\"info-btn-wrapper\">\n\t\t\t\t\t\t\t\t\t<div class=\"wd-button-wrapper text-center\" >\n\t\t\t<a class=\"btn btn-style-bordered btn-shape-semi-round btn-size-large btn-color-white btn-icon-pos-right\"  href=\"#\">\n\t\t\t\t<span class=\"wd-btn-text\" data-elementor-setting-key=\"text\">\n\t\t\t\t\tT\u00dcM PROJELER\u0130 G\u00d6R\u00dcNT\u00dcLE\t\t\t\t<\/span>\n\n\t\t\t\t\t\t\t<\/a>\n\t\t<\/div>\n\t\t\t\t\t\t\t\t<\/div>\n\t\t\t\t\t\t\t\t\t<\/div>\n\n\t\t\t\t\t\t\t<\/div>\n\t\t<\/div>\n\t\t\t\t\t\t<\/div>\n\t\t\t\t<\/div>\n\t\t\t\t<\/div>\n\t\t<div class=\"elementor-element elementor-element-9dba65d e-con-full e-flex e-con e-child\" data-id=\"9dba65d\" data-element_type=\"container\">\n\t\t\t\t<div class=\"elementor-element elementor-element-6d8f4d1 elementor-widget elementor-widget-wd_infobox\" data-id=\"6d8f4d1\" data-element_type=\"widget\" data-widget_type=\"wd_infobox.default\">\n\t\t\t\t<div class=\"elementor-widget-container\">\n\t\t\t\t\t\t\t<div class=\"info-box-wrapper\">\n\t\t\t<div class=\"wd-info-box text-center box-icon-align-top box-style-shadow color-scheme- with-btn box-btn-static\">\n\t\t\t\t\t\t\t\t\t<div class=\"box-icon-wrapper  box-with-icon box-icon-simple\">\n\t\t\t\t\t\t<div class=\"info-box-icon\">\n\t\t\t\t\t\t\t\t\t\t\t\t\t\t\t<img loading=\"lazy\" decoding=\"async\" width=\"1600\" height=\"1066\" src=\"https:\/\/photospott.com\/wp-content\/uploads\/2025\/12\/Image-2025-12-26-at-13.00.21.jpeg\" class=\"attachment-full size-full\" alt=\"\" srcset=\"https:\/\/photospott.com\/wp-content\/uploads\/2025\/12\/Image-2025-12-26-at-13.00.21.jpeg 1600w, https:\/\/photospott.com\/wp-content\/uploads\/2025\/12\/Image-2025-12-26-at-13.00.21-150x100.jpeg 150w, https:\/\/photospott.com\/wp-content\/uploads\/2025\/12\/Image-2025-12-26-at-13.00.21-600x400.jpeg 600w, https:\/\/photospott.com\/wp-content\/uploads\/2025\/12\/Image-2025-12-26-at-13.00.21-300x200.jpeg 300w, https:\/\/photospott.com\/wp-content\/uploads\/2025\/12\/Image-2025-12-26-at-13.00.21-1024x682.jpeg 1024w, https:\/\/photospott.com\/wp-content\/uploads\/2025\/12\/Image-2025-12-26-at-13.00.21-768x512.jpeg 768w, https:\/\/photospott.com\/wp-content\/uploads\/2025\/12\/Image-2025-12-26-at-13.00.21-1536x1023.jpeg 1536w\" sizes=\"auto, (max-width: 1600px) 100vw, 1600px\" \/>\t\t\t\t\t\t\t\t\t\t\t\t\t<\/div>\n\t\t\t\t\t<\/div>\n\t\t\t\t\n\t\t\t\t<div class=\"info-box-content\">\n\t\t\t\t\t\n\t\t\t\t\t\t\t\t\t\t\t<h4\t\t\t\t\t\tclass=\"info-box-title title box-title-style-default wd-fontsize-m\" data-elementor-setting-key=\"title\">\n\t\t\t\t\t\t\t\tVideo\t\t\t\t\t\t<\/h4>\n\t\t\t\t\t\n\t\t\t\t\t<div class=\"info-box-inner reset-last-child\"data-elementor-setting-key=\"content\"><\/div>\n\n\t\t\t\t\t\t\t\t\t\t\t<div class=\"info-btn-wrapper\">\n\t\t\t\t\t\t\t\t\t<div class=\"wd-button-wrapper text-center\" >\n\t\t\t<a class=\"btn btn-style-bordered btn-shape-semi-round btn-size-large btn-color-white btn-icon-pos-right\"  href=\"#\">\n\t\t\t\t<span class=\"wd-btn-text\" data-elementor-setting-key=\"text\">\n\t\t\t\t\tT\u00dcM PROJELER\u0130 G\u00d6R\u00dcNT\u00dcLE\t\t\t\t<\/span>\n\n\t\t\t\t\t\t\t<\/a>\n\t\t<\/div>\n\t\t\t\t\t\t\t\t<\/div>\n\t\t\t\t\t\t\t\t\t<\/div>\n\n\t\t\t\t\t\t\t<\/div>\n\t\t<\/div>\n\t\t\t\t\t\t<\/div>\n\t\t\t\t<\/div>\n\t\t\t\t<\/div>\n\t\t\t\t\t<\/div>\n\t\t\t\t<\/div>\n\t\t\t\t<\/div>","protected":false},"excerpt":{"rendered":"<p>Lorem ipsum dolor sit amet, consectetur adipiscing elit. Ut elit tellus, luctus nec ullamcorper mattis, pulvinar dapibus leo. \u0421\u043d\u0438\u043c\u043a\u0438 \u0412\u0418\u0416\u0422\u0415<\/p>","protected":false},"author":1,"featured_media":0,"parent":0,"menu_order":0,"comment_status":"closed","ping_status":"closed","template":"","meta":{"footnotes":""},"class_list":["post-383","page","type-page","status-publish","hentry"],"_links":{"self":[{"href":"https:\/\/photospott.com\/tr\/wp-json\/wp\/v2\/pages\/383","targetHints":{"allow":["GET"]}}],"collection":[{"href":"https:\/\/photospott.com\/tr\/wp-json\/wp\/v2\/pages"}],"about":[{"href":"https:\/\/photospott.com\/tr\/wp-json\/wp\/v2\/types\/page"}],"author":[{"embeddable":true,"href":"https:\/\/photospott.com\/tr\/wp-json\/wp\/v2\/users\/1"}],"replies":[{"embeddable":true,"href":"https:\/\/photospott.com\/tr\/wp-json\/wp\/v2\/comments?post=383"}],"version-history":[{"count":4,"href":"https:\/\/photospott.com\/tr\/wp-json\/wp\/v2\/pages\/383\/revisions"}],"predecessor-version":[{"id":387,"href":"https:\/\/photospott.com\/tr\/wp-json\/wp\/v2\/pages\/383\/revisions\/387"}],"wp:attachment":[{"href":"https:\/\/photospott.com\/tr\/wp-json\/wp\/v2\/media?parent=383"}],"curies":[{"name":"wp","href":"https:\/\/api.w.org\/{rel}","templated":true}]}}