{"id":365,"date":"2026-01-19T07:46:44","date_gmt":"2026-01-19T07:46:44","guid":{"rendered":"https:\/\/dev.photospott.com\/?page_id=365"},"modified":"2026-01-19T07:50:03","modified_gmt":"2026-01-19T07:50:03","slug":"%d1%83%d1%81%d0%bb%d1%83%d0%b3%d0%b8","status":"publish","type":"page","link":"https:\/\/photospott.com\/tr\/%d1%83%d1%81%d0%bb%d1%83%d0%b3%d0%b8\/","title":{"rendered":"Hizmetler"},"content":{"rendered":"<div data-elementor-type=\"wp-page\" data-elementor-id=\"365\" class=\"elementor elementor-365\" data-elementor-post-type=\"page\">\n\t\t\t\t<div class=\"elementor-element elementor-element-a6a7250 wd-section-stretch-content e-flex e-con-boxed e-con e-parent\" data-id=\"a6a7250\" data-element_type=\"container\">\n\t\t\t\t\t<div class=\"e-con-inner\">\n\t\t<div class=\"elementor-element elementor-element-2edb771 e-con-full e-flex e-con e-child\" data-id=\"2edb771\" data-element_type=\"container\">\n\t\t\t\t<div class=\"elementor-element elementor-element-6424f7d elementor-widget elementor-widget-wd_infobox\" data-id=\"6424f7d\" data-element_type=\"widget\" data-widget_type=\"wd_infobox.default\">\n\t\t\t\t<div class=\"elementor-widget-container\">\n\t\t\t\t\t\t\t<div class=\"info-box-wrapper\">\n\t\t\t<div class=\"wd-info-box text-center box-icon-align-top box-style-shadow color-scheme- with-btn box-btn-static\">\n\t\t\t\t\t\t\t\t\t<div class=\"box-icon-wrapper  box-with-icon box-icon-simple\">\n\t\t\t\t\t\t<div class=\"info-box-icon\">\n\t\t\t\t\t\t\t\t\t\t\t\t\t\t\t<img loading=\"lazy\" decoding=\"async\" width=\"1600\" height=\"1066\" src=\"https:\/\/photospott.com\/wp-content\/uploads\/2025\/12\/Image-2025-12-26-at-13.00.21.jpeg\" class=\"attachment-full size-full\" alt=\"\" srcset=\"https:\/\/photospott.com\/wp-content\/uploads\/2025\/12\/Image-2025-12-26-at-13.00.21.jpeg 1600w, https:\/\/photospott.com\/wp-content\/uploads\/2025\/12\/Image-2025-12-26-at-13.00.21-150x100.jpeg 150w, https:\/\/photospott.com\/wp-content\/uploads\/2025\/12\/Image-2025-12-26-at-13.00.21-600x400.jpeg 600w, https:\/\/photospott.com\/wp-content\/uploads\/2025\/12\/Image-2025-12-26-at-13.00.21-300x200.jpeg 300w, https:\/\/photospott.com\/wp-content\/uploads\/2025\/12\/Image-2025-12-26-at-13.00.21-1024x682.jpeg 1024w, https:\/\/photospott.com\/wp-content\/uploads\/2025\/12\/Image-2025-12-26-at-13.00.21-768x512.jpeg 768w, https:\/\/photospott.com\/wp-content\/uploads\/2025\/12\/Image-2025-12-26-at-13.00.21-1536x1023.jpeg 1536w\" sizes=\"auto, (max-width: 1600px) 100vw, 1600px\" \/>\t\t\t\t\t\t\t\t\t\t\t\t\t<\/div>\n\t\t\t\t\t<\/div>\n\t\t\t\t\n\t\t\t\t<div class=\"info-box-content\">\n\t\t\t\t\t\n\t\t\t\t\t\t\t\t\t\t\t<h4\t\t\t\t\t\tclass=\"info-box-title title box-title-style-default wd-fontsize-m\" data-elementor-setting-key=\"title\">\n\t\t\t\t\t\t\t\t\u0421\u0432\u0430\u0442\u0431\u0438\t\t\t\t\t\t<\/h4>\n\t\t\t\t\t\n\t\t\t\t\t<div class=\"info-box-inner reset-last-child\"data-elementor-setting-key=\"content\"><\/div>\n\n\t\t\t\t\t\t\t\t\t\t\t<div class=\"info-btn-wrapper\">\n\t\t\t\t\t\t\t\t\t<div class=\"wd-button-wrapper text-center\" >\n\t\t\t<a class=\"btn btn-style-bordered btn-shape-semi-round btn-size-large btn-color-white btn-icon-pos-right\"  href=\"#\">\n\t\t\t\t<span class=\"wd-btn-text\" data-elementor-setting-key=\"text\">\n\t\t\t\t\tT\u00dcM PROJELER\u0130 G\u00d6R\u00dcNT\u00dcLE\t\t\t\t<\/span>\n\n\t\t\t\t\t\t\t<\/a>\n\t\t<\/div>\n\t\t\t\t\t\t\t\t<\/div>\n\t\t\t\t\t\t\t\t\t<\/div>\n\n\t\t\t\t\t\t\t<\/div>\n\t\t<\/div>\n\t\t\t\t\t\t<\/div>\n\t\t\t\t<\/div>\n\t\t\t\t<\/div>\n\t\t<div class=\"elementor-element elementor-element-e9596d4 e-con-full e-flex e-con e-child\" data-id=\"e9596d4\" data-element_type=\"container\">\n\t\t\t\t<div class=\"elementor-element elementor-element-b3669e7 elementor-widget elementor-widget-wd_infobox\" data-id=\"b3669e7\" data-element_type=\"widget\" data-widget_type=\"wd_infobox.default\">\n\t\t\t\t<div class=\"elementor-widget-container\">\n\t\t\t\t\t\t\t<div class=\"info-box-wrapper\">\n\t\t\t<div class=\"wd-info-box text-center box-icon-align-top box-style-shadow color-scheme- with-btn box-btn-static\">\n\t\t\t\t\t\t\t\t\t<div class=\"box-icon-wrapper  box-with-icon box-icon-simple\">\n\t\t\t\t\t\t<div class=\"info-box-icon\">\n\t\t\t\t\t\t\t\t\t\t\t\t\t\t\t<img loading=\"lazy\" decoding=\"async\" width=\"1600\" height=\"1066\" src=\"https:\/\/photospott.com\/wp-content\/uploads\/2025\/12\/Image-2025-12-26-at-13.00.21.jpeg\" class=\"attachment-full size-full\" alt=\"\" srcset=\"https:\/\/photospott.com\/wp-content\/uploads\/2025\/12\/Image-2025-12-26-at-13.00.21.jpeg 1600w, https:\/\/photospott.com\/wp-content\/uploads\/2025\/12\/Image-2025-12-26-at-13.00.21-150x100.jpeg 150w, https:\/\/photospott.com\/wp-content\/uploads\/2025\/12\/Image-2025-12-26-at-13.00.21-600x400.jpeg 600w, https:\/\/photospott.com\/wp-content\/uploads\/2025\/12\/Image-2025-12-26-at-13.00.21-300x200.jpeg 300w, https:\/\/photospott.com\/wp-content\/uploads\/2025\/12\/Image-2025-12-26-at-13.00.21-1024x682.jpeg 1024w, https:\/\/photospott.com\/wp-content\/uploads\/2025\/12\/Image-2025-12-26-at-13.00.21-768x512.jpeg 768w, https:\/\/photospott.com\/wp-content\/uploads\/2025\/12\/Image-2025-12-26-at-13.00.21-1536x1023.jpeg 1536w\" sizes=\"auto, (max-width: 1600px) 100vw, 1600px\" \/>\t\t\t\t\t\t\t\t\t\t\t\t\t<\/div>\n\t\t\t\t\t<\/div>\n\t\t\t\t\n\t\t\t\t<div class=\"info-box-content\">\n\t\t\t\t\t\n\t\t\t\t\t\t\t\t\t\t\t<h4\t\t\t\t\t\tclass=\"info-box-title title box-title-style-default wd-fontsize-m\" data-elementor-setting-key=\"title\">\n\t\t\t\t\t\t\t\tMEZUN\u0130YET BALOLARI\t\t\t\t\t\t<\/h4>\n\t\t\t\t\t\n\t\t\t\t\t<div class=\"info-box-inner reset-last-child\"data-elementor-setting-key=\"content\"><\/div>\n\n\t\t\t\t\t\t\t\t\t\t\t<div class=\"info-btn-wrapper\">\n\t\t\t\t\t\t\t\t\t<div class=\"wd-button-wrapper text-center\" >\n\t\t\t<a class=\"btn btn-style-bordered btn-shape-semi-round btn-size-large btn-color-white btn-icon-pos-right\"  href=\"#\">\n\t\t\t\t<span class=\"wd-btn-text\" data-elementor-setting-key=\"text\">\n\t\t\t\t\tT\u00dcM PROJELER\u0130 G\u00d6R\u00dcNT\u00dcLE\t\t\t\t<\/span>\n\n\t\t\t\t\t\t\t<\/a>\n\t\t<\/div>\n\t\t\t\t\t\t\t\t<\/div>\n\t\t\t\t\t\t\t\t\t<\/div>\n\n\t\t\t\t\t\t\t<\/div>\n\t\t<\/div>\n\t\t\t\t\t\t<\/div>\n\t\t\t\t<\/div>\n\t\t\t\t<\/div>\n\t\t<div class=\"elementor-element elementor-element-f46d455 e-con-full e-flex e-con e-child\" data-id=\"f46d455\" data-element_type=\"container\">\n\t\t\t\t<div class=\"elementor-element elementor-element-c9a32f1 elementor-widget elementor-widget-wd_infobox\" data-id=\"c9a32f1\" data-element_type=\"widget\" data-widget_type=\"wd_infobox.default\">\n\t\t\t\t<div class=\"elementor-widget-container\">\n\t\t\t\t\t\t\t<div class=\"info-box-wrapper\">\n\t\t\t<div class=\"wd-info-box text-center box-icon-align-top box-style-shadow color-scheme- with-btn box-btn-static\">\n\t\t\t\t\t\t\t\t\t<div class=\"box-icon-wrapper  box-with-icon box-icon-simple\">\n\t\t\t\t\t\t<div class=\"info-box-icon\">\n\t\t\t\t\t\t\t\t\t\t\t\t\t\t\t<img loading=\"lazy\" decoding=\"async\" width=\"1600\" height=\"1066\" src=\"https:\/\/photospott.com\/wp-content\/uploads\/2025\/12\/Image-2025-12-26-at-13.00.21.jpeg\" class=\"attachment-full size-full\" alt=\"\" srcset=\"https:\/\/photospott.com\/wp-content\/uploads\/2025\/12\/Image-2025-12-26-at-13.00.21.jpeg 1600w, https:\/\/photospott.com\/wp-content\/uploads\/2025\/12\/Image-2025-12-26-at-13.00.21-150x100.jpeg 150w, https:\/\/photospott.com\/wp-content\/uploads\/2025\/12\/Image-2025-12-26-at-13.00.21-600x400.jpeg 600w, https:\/\/photospott.com\/wp-content\/uploads\/2025\/12\/Image-2025-12-26-at-13.00.21-300x200.jpeg 300w, https:\/\/photospott.com\/wp-content\/uploads\/2025\/12\/Image-2025-12-26-at-13.00.21-1024x682.jpeg 1024w, https:\/\/photospott.com\/wp-content\/uploads\/2025\/12\/Image-2025-12-26-at-13.00.21-768x512.jpeg 768w, https:\/\/photospott.com\/wp-content\/uploads\/2025\/12\/Image-2025-12-26-at-13.00.21-1536x1023.jpeg 1536w\" sizes=\"auto, (max-width: 1600px) 100vw, 1600px\" \/>\t\t\t\t\t\t\t\t\t\t\t\t\t<\/div>\n\t\t\t\t\t<\/div>\n\t\t\t\t\n\t\t\t\t<div class=\"info-box-content\">\n\t\t\t\t\t\n\t\t\t\t\t\t\t\t\t\t\t<h4\t\t\t\t\t\tclass=\"info-box-title title box-title-style-default wd-fontsize-m\" data-elementor-setting-key=\"title\">\n\t\t\t\t\t\t\t\tPortreler\t\t\t\t\t\t<\/h4>\n\t\t\t\t\t\n\t\t\t\t\t<div class=\"info-box-inner reset-last-child\"data-elementor-setting-key=\"content\"><\/div>\n\n\t\t\t\t\t\t\t\t\t\t\t<div class=\"info-btn-wrapper\">\n\t\t\t\t\t\t\t\t\t<div class=\"wd-button-wrapper text-center\" >\n\t\t\t<a class=\"btn btn-style-bordered btn-shape-semi-round btn-size-large btn-color-white btn-icon-pos-right\"  href=\"#\">\n\t\t\t\t<span class=\"wd-btn-text\" data-elementor-setting-key=\"text\">\n\t\t\t\t\tT\u00dcM PROJELER\u0130 G\u00d6R\u00dcNT\u00dcLE\t\t\t\t<\/span>\n\n\t\t\t\t\t\t\t<\/a>\n\t\t<\/div>\n\t\t\t\t\t\t\t\t<\/div>\n\t\t\t\t\t\t\t\t\t<\/div>\n\n\t\t\t\t\t\t\t<\/div>\n\t\t<\/div>\n\t\t\t\t\t\t<\/div>\n\t\t\t\t<\/div>\n\t\t\t\t<\/div>\n\t\t<div class=\"elementor-element elementor-element-7a6db88 e-con-full e-flex e-con e-child\" data-id=\"7a6db88\" data-element_type=\"container\">\n\t\t\t\t<div class=\"elementor-element elementor-element-bce0781 elementor-widget elementor-widget-wd_infobox\" data-id=\"bce0781\" data-element_type=\"widget\" data-widget_type=\"wd_infobox.default\">\n\t\t\t\t<div class=\"elementor-widget-container\">\n\t\t\t\t\t\t\t<div class=\"info-box-wrapper\">\n\t\t\t<div class=\"wd-info-box text-center box-icon-align-top box-style-shadow color-scheme- with-btn box-btn-static\">\n\t\t\t\t\t\t\t\t\t<div class=\"box-icon-wrapper  box-with-icon box-icon-simple\">\n\t\t\t\t\t\t<div class=\"info-box-icon\">\n\t\t\t\t\t\t\t\t\t\t\t\t\t\t\t<img loading=\"lazy\" decoding=\"async\" width=\"1600\" height=\"1066\" src=\"https:\/\/photospott.com\/wp-content\/uploads\/2025\/12\/Image-2025-12-26-at-13.00.21.jpeg\" class=\"attachment-full size-full\" alt=\"\" srcset=\"https:\/\/photospott.com\/wp-content\/uploads\/2025\/12\/Image-2025-12-26-at-13.00.21.jpeg 1600w, https:\/\/photospott.com\/wp-content\/uploads\/2025\/12\/Image-2025-12-26-at-13.00.21-150x100.jpeg 150w, https:\/\/photospott.com\/wp-content\/uploads\/2025\/12\/Image-2025-12-26-at-13.00.21-600x400.jpeg 600w, https:\/\/photospott.com\/wp-content\/uploads\/2025\/12\/Image-2025-12-26-at-13.00.21-300x200.jpeg 300w, https:\/\/photospott.com\/wp-content\/uploads\/2025\/12\/Image-2025-12-26-at-13.00.21-1024x682.jpeg 1024w, https:\/\/photospott.com\/wp-content\/uploads\/2025\/12\/Image-2025-12-26-at-13.00.21-768x512.jpeg 768w, https:\/\/photospott.com\/wp-content\/uploads\/2025\/12\/Image-2025-12-26-at-13.00.21-1536x1023.jpeg 1536w\" sizes=\"auto, (max-width: 1600px) 100vw, 1600px\" \/>\t\t\t\t\t\t\t\t\t\t\t\t\t<\/div>\n\t\t\t\t\t<\/div>\n\t\t\t\t\n\t\t\t\t<div class=\"info-box-content\">\n\t\t\t\t\t\n\t\t\t\t\t\t\t\t\t\t\t<h4\t\t\t\t\t\tclass=\"info-box-title title box-title-style-default wd-fontsize-m\" data-elementor-setting-key=\"title\">\n\t\t\t\t\t\t\t\tKi\u015fisel foto\u011fraf \u00e7ekimleri\t\t\t\t\t\t<\/h4>\n\t\t\t\t\t\n\t\t\t\t\t<div class=\"info-box-inner reset-last-child\"data-elementor-setting-key=\"content\"><\/div>\n\n\t\t\t\t\t\t\t\t\t\t\t<div class=\"info-btn-wrapper\">\n\t\t\t\t\t\t\t\t\t<div class=\"wd-button-wrapper text-center\" >\n\t\t\t<a class=\"btn btn-style-bordered btn-shape-semi-round btn-size-large btn-color-white btn-icon-pos-right\"  href=\"#\">\n\t\t\t\t<span class=\"wd-btn-text\" data-elementor-setting-key=\"text\">\n\t\t\t\t\tT\u00dcM PROJELER\u0130 G\u00d6R\u00dcNT\u00dcLE\t\t\t\t<\/span>\n\n\t\t\t\t\t\t\t<\/a>\n\t\t<\/div>\n\t\t\t\t\t\t\t\t<\/div>\n\t\t\t\t\t\t\t\t\t<\/div>\n\n\t\t\t\t\t\t\t<\/div>\n\t\t<\/div>\n\t\t\t\t\t\t<\/div>\n\t\t\t\t<\/div>\n\t\t\t\t<\/div>\n\t\t\t\t\t<\/div>\n\t\t\t\t<\/div>\n\t\t<div class=\"elementor-element elementor-element-3d84042 wd-section-stretch-content e-flex e-con-boxed e-con e-parent\" data-id=\"3d84042\" data-element_type=\"container\">\n\t\t\t\t\t<div class=\"e-con-inner\">\n\t\t<div class=\"elementor-element elementor-element-d32928f e-con-full e-flex e-con e-child\" data-id=\"d32928f\" data-element_type=\"container\">\n\t\t\t\t<div class=\"elementor-element elementor-element-3e5081a elementor-widget elementor-widget-wd_infobox\" data-id=\"3e5081a\" data-element_type=\"widget\" data-widget_type=\"wd_infobox.default\">\n\t\t\t\t<div class=\"elementor-widget-container\">\n\t\t\t\t\t\t\t<div class=\"info-box-wrapper\">\n\t\t\t<div class=\"wd-info-box text-center box-icon-align-top box-style-shadow color-scheme- with-btn box-btn-static\">\n\t\t\t\t\t\t\t\t\t<div class=\"box-icon-wrapper  box-with-icon box-icon-simple\">\n\t\t\t\t\t\t<div class=\"info-box-icon\">\n\t\t\t\t\t\t\t\t\t\t\t\t\t\t\t<img loading=\"lazy\" decoding=\"async\" width=\"1600\" height=\"1066\" src=\"https:\/\/photospott.com\/wp-content\/uploads\/2025\/12\/Image-2025-12-26-at-13.00.21.jpeg\" class=\"attachment-full size-full\" alt=\"\" srcset=\"https:\/\/photospott.com\/wp-content\/uploads\/2025\/12\/Image-2025-12-26-at-13.00.21.jpeg 1600w, https:\/\/photospott.com\/wp-content\/uploads\/2025\/12\/Image-2025-12-26-at-13.00.21-150x100.jpeg 150w, https:\/\/photospott.com\/wp-content\/uploads\/2025\/12\/Image-2025-12-26-at-13.00.21-600x400.jpeg 600w, https:\/\/photospott.com\/wp-content\/uploads\/2025\/12\/Image-2025-12-26-at-13.00.21-300x200.jpeg 300w, https:\/\/photospott.com\/wp-content\/uploads\/2025\/12\/Image-2025-12-26-at-13.00.21-1024x682.jpeg 1024w, https:\/\/photospott.com\/wp-content\/uploads\/2025\/12\/Image-2025-12-26-at-13.00.21-768x512.jpeg 768w, https:\/\/photospott.com\/wp-content\/uploads\/2025\/12\/Image-2025-12-26-at-13.00.21-1536x1023.jpeg 1536w\" sizes=\"auto, (max-width: 1600px) 100vw, 1600px\" \/>\t\t\t\t\t\t\t\t\t\t\t\t\t<\/div>\n\t\t\t\t\t<\/div>\n\t\t\t\t\n\t\t\t\t<div class=\"info-box-content\">\n\t\t\t\t\t\n\t\t\t\t\t\t\t\t\t\t\t<h4\t\t\t\t\t\tclass=\"info-box-title title box-title-style-default wd-fontsize-m\" data-elementor-setting-key=\"title\">\n\t\t\t\t\t\t\t\tKurumsal etkinlikler\t\t\t\t\t\t<\/h4>\n\t\t\t\t\t\n\t\t\t\t\t<div class=\"info-box-inner reset-last-child\"data-elementor-setting-key=\"content\"><\/div>\n\n\t\t\t\t\t\t\t\t\t\t\t<div class=\"info-btn-wrapper\">\n\t\t\t\t\t\t\t\t\t<div class=\"wd-button-wrapper text-center\" >\n\t\t\t<a class=\"btn btn-style-bordered btn-shape-semi-round btn-size-large btn-color-white btn-icon-pos-right\"  href=\"#\">\n\t\t\t\t<span class=\"wd-btn-text\" data-elementor-setting-key=\"text\">\n\t\t\t\t\tT\u00dcM PROJELER\u0130 G\u00d6R\u00dcNT\u00dcLE\t\t\t\t<\/span>\n\n\t\t\t\t\t\t\t<\/a>\n\t\t<\/div>\n\t\t\t\t\t\t\t\t<\/div>\n\t\t\t\t\t\t\t\t\t<\/div>\n\n\t\t\t\t\t\t\t<\/div>\n\t\t<\/div>\n\t\t\t\t\t\t<\/div>\n\t\t\t\t<\/div>\n\t\t\t\t<\/div>\n\t\t<div class=\"elementor-element elementor-element-aa3e3c8 e-con-full e-flex e-con e-child\" data-id=\"aa3e3c8\" data-element_type=\"container\">\n\t\t\t\t<div class=\"elementor-element elementor-element-293f457 elementor-widget elementor-widget-wd_infobox\" data-id=\"293f457\" data-element_type=\"widget\" data-widget_type=\"wd_infobox.default\">\n\t\t\t\t<div class=\"elementor-widget-container\">\n\t\t\t\t\t\t\t<div class=\"info-box-wrapper\">\n\t\t\t<div class=\"wd-info-box text-center box-icon-align-top box-style-shadow color-scheme- with-btn box-btn-static\">\n\t\t\t\t\t\t\t\t\t<div class=\"box-icon-wrapper  box-with-icon box-icon-simple\">\n\t\t\t\t\t\t<div class=\"info-box-icon\">\n\t\t\t\t\t\t\t\t\t\t\t\t\t\t\t<img loading=\"lazy\" decoding=\"async\" width=\"1600\" height=\"1066\" src=\"https:\/\/photospott.com\/wp-content\/uploads\/2025\/12\/Image-2025-12-26-at-13.00.21.jpeg\" class=\"attachment-full size-full\" alt=\"\" srcset=\"https:\/\/photospott.com\/wp-content\/uploads\/2025\/12\/Image-2025-12-26-at-13.00.21.jpeg 1600w, https:\/\/photospott.com\/wp-content\/uploads\/2025\/12\/Image-2025-12-26-at-13.00.21-150x100.jpeg 150w, https:\/\/photospott.com\/wp-content\/uploads\/2025\/12\/Image-2025-12-26-at-13.00.21-600x400.jpeg 600w, https:\/\/photospott.com\/wp-content\/uploads\/2025\/12\/Image-2025-12-26-at-13.00.21-300x200.jpeg 300w, https:\/\/photospott.com\/wp-content\/uploads\/2025\/12\/Image-2025-12-26-at-13.00.21-1024x682.jpeg 1024w, https:\/\/photospott.com\/wp-content\/uploads\/2025\/12\/Image-2025-12-26-at-13.00.21-768x512.jpeg 768w, https:\/\/photospott.com\/wp-content\/uploads\/2025\/12\/Image-2025-12-26-at-13.00.21-1536x1023.jpeg 1536w\" sizes=\"auto, (max-width: 1600px) 100vw, 1600px\" \/>\t\t\t\t\t\t\t\t\t\t\t\t\t<\/div>\n\t\t\t\t\t<\/div>\n\t\t\t\t\n\t\t\t\t<div class=\"info-box-content\">\n\t\t\t\t\t\n\t\t\t\t\t\t\t\t\t\t\t<h4\t\t\t\t\t\tclass=\"info-box-title title box-title-style-default wd-fontsize-m\" data-elementor-setting-key=\"title\">\n\t\t\t\t\t\t\t\tModa ve Marka \u00c7ekimleri\t\t\t\t\t\t<\/h4>\n\t\t\t\t\t\n\t\t\t\t\t<div class=\"info-box-inner reset-last-child\"data-elementor-setting-key=\"content\"><\/div>\n\n\t\t\t\t\t\t\t\t\t\t\t<div class=\"info-btn-wrapper\">\n\t\t\t\t\t\t\t\t\t<div class=\"wd-button-wrapper text-center\" >\n\t\t\t<a class=\"btn btn-style-bordered btn-shape-semi-round btn-size-large btn-color-white btn-icon-pos-right\"  href=\"#\">\n\t\t\t\t<span class=\"wd-btn-text\" data-elementor-setting-key=\"text\">\n\t\t\t\t\tT\u00dcM PROJELER\u0130 G\u00d6R\u00dcNT\u00dcLE\t\t\t\t<\/span>\n\n\t\t\t\t\t\t\t<\/a>\n\t\t<\/div>\n\t\t\t\t\t\t\t\t<\/div>\n\t\t\t\t\t\t\t\t\t<\/div>\n\n\t\t\t\t\t\t\t<\/div>\n\t\t<\/div>\n\t\t\t\t\t\t<\/div>\n\t\t\t\t<\/div>\n\t\t\t\t<\/div>\n\t\t\t\t\t<\/div>\n\t\t\t\t<\/div>\n\t\t\t\t<\/div>","protected":false},"excerpt":{"rendered":"<p>\u0421\u0432\u0430\u0442\u0431\u0438 \u0412\u0418\u0416\u0422\u0415 \u0412\u0421\u0418\u0427\u041a\u0418 \u041f\u0420\u041e\u0415\u041a\u0422\u0418 \u0410\u0431\u0438\u0442\u0443\u0440\u0438\u0435\u043d\u0442\u0441\u043a\u0438 \u0431\u0430\u043b\u043e\u0432\u0435 \u0412\u0418\u0416\u0422\u0415 \u0412\u0421\u0418\u0427\u041a\u0418 \u041f\u0420\u041e\u0415\u041a\u0422\u0418 \u041f\u043e\u0440\u0442\u0440\u0435\u0442\u0438 \u0412\u0418\u0416\u0422\u0415 \u0412\u0421\u0418\u0427\u041a\u0418 \u041f\u0420\u041e\u0415\u041a\u0422\u0418 \u041b\u0438\u0447\u043d\u0438 \u0444\u043e\u0442\u043e\u0441\u0435\u0441\u0438\u0438 \u0412\u0418\u0416\u0422\u0415 \u0412\u0421\u0418\u0427\u041a\u0418 \u041f\u0420\u041e\u0415\u041a\u0422\u0418 \u041a\u043e\u0440\u043f\u043e\u0440\u0430\u0442\u0438\u0432\u043d\u0438 \u0441\u044a\u0431\u0438\u0442\u0438\u044f<\/p>","protected":false},"author":1,"featured_media":0,"parent":0,"menu_order":0,"comment_status":"closed","ping_status":"closed","template":"","meta":{"footnotes":""},"class_list":["post-365","page","type-page","status-publish","hentry"],"_links":{"self":[{"href":"https:\/\/photospott.com\/tr\/wp-json\/wp\/v2\/pages\/365","targetHints":{"allow":["GET"]}}],"collection":[{"href":"https:\/\/photospott.com\/tr\/wp-json\/wp\/v2\/pages"}],"about":[{"href":"https:\/\/photospott.com\/tr\/wp-json\/wp\/v2\/types\/page"}],"author":[{"embeddable":true,"href":"https:\/\/photospott.com\/tr\/wp-json\/wp\/v2\/users\/1"}],"replies":[{"embeddable":true,"href":"https:\/\/photospott.com\/tr\/wp-json\/wp\/v2\/comments?post=365"}],"version-history":[{"count":4,"href":"https:\/\/photospott.com\/tr\/wp-json\/wp\/v2\/pages\/365\/revisions"}],"predecessor-version":[{"id":369,"href":"https:\/\/photospott.com\/tr\/wp-json\/wp\/v2\/pages\/365\/revisions\/369"}],"wp:attachment":[{"href":"https:\/\/photospott.com\/tr\/wp-json\/wp\/v2\/media?parent=365"}],"curies":[{"name":"wp","href":"https:\/\/api.w.org\/{rel}","templated":true}]}}