{"id":1441,"date":"2026-02-07T20:44:12","date_gmt":"2026-02-07T20:44:12","guid":{"rendered":"https:\/\/dev.photospott.com\/?page_id=1441"},"modified":"2026-03-21T13:39:44","modified_gmt":"2026-03-21T13:39:44","slug":"svatbi-video","status":"publish","type":"page","link":"https:\/\/photospott.com\/tr\/svatbi-video\/","title":{"rendered":"\u0421\u0432\u0430\u0442\u0431\u0438 \u0432\u0438\u0434\u0435\u043e"},"content":{"rendered":"<div data-elementor-type=\"wp-page\" data-elementor-id=\"1441\" class=\"elementor elementor-1441\" data-elementor-post-type=\"page\">\n\t\t\t\t<div class=\"wd-negative-gap elementor-element elementor-element-ac67889 wd-section-stretch-content e-flex e-con-boxed e-con e-parent\" data-id=\"ac67889\" data-element_type=\"container\">\n\t\t\t\t\t<div class=\"e-con-inner\">\n\t\t\t\t<div class=\"elementor-element elementor-element-ac28549 wd-animation-slide-from-top wd-animation-fast wd_delay_100 wd-animation wd-transform elementor-widget elementor-widget-heading\" data-id=\"ac28549\" data-element_type=\"widget\" data-widget_type=\"heading.default\">\n\t\t\t\t\t<h2 class=\"elementor-heading-title elementor-size-default\">D\u00dc\u011e\u00dcNLER<\/h2>\t\t\t\t<\/div>\n\t\t\t\t\t<\/div>\n\t\t\t\t<\/div>\n\t\t<div class=\"wd-negative-gap elementor-element elementor-element-37cefac e-flex e-con-boxed e-con e-parent\" data-id=\"37cefac\" data-element_type=\"container\">\n\t\t\t\t\t<div class=\"e-con-inner\">\n\t\t<div class=\"elementor-element elementor-element-b44c996 e-con-full e-flex e-con e-child\" data-id=\"b44c996\" data-element_type=\"container\">\n\t\t\t\t<div class=\"elementor-element elementor-element-058bba6 elementor-widget elementor-widget-html\" data-id=\"058bba6\" data-element_type=\"widget\" data-widget_type=\"html.default\">\n\t\t\t\t\t<iframe loading=\"lazy\" width=\"500px\" height=\"500p\" src=\"https:\/\/www.youtube.com\/embed\/86uiYHo_qsE\" title=\"Gizem &amp; G\u00fcnay \u2013 Wedding Trailer 4K | by @Ayd\u0131n Ayd\u0131n\" frameborder=\"0\" allow=\"accelerometer; autoplay; clipboard-write; encrypted-media; gyroscope; picture-in-picture; web-share\" referrerpolicy=\"strict-origin-when-cross-origin\" allowfullscreen><\/iframe>\t\t\t\t<\/div>\n\t\t\t\t<\/div>\n\t\t<div class=\"elementor-element elementor-element-cdc30d9 e-con-full e-flex e-con e-child\" data-id=\"cdc30d9\" data-element_type=\"container\">\n\t\t\t\t<div class=\"elementor-element elementor-element-707013e elementor-widget elementor-widget-html\" data-id=\"707013e\" data-element_type=\"widget\" data-widget_type=\"html.default\">\n\t\t\t\t\t<iframe loading=\"lazy\" width=\"500\" height=\"500\" src=\"https:\/\/www.youtube.com\/embed\/rB-mUh5La68\" title=\"Medi&#39;s bridal shower - 4K | by @Ayd\u0131n Ayd\u0131n\" frameborder=\"0\" allow=\"accelerometer; autoplay; clipboard-write; encrypted-media; gyroscope; picture-in-picture; web-share\" referrerpolicy=\"strict-origin-when-cross-origin\" allowfullscreen><\/iframe>\t\t\t\t<\/div>\n\t\t\t\t<\/div>\n\t\t\t\t\t<\/div>\n\t\t\t\t<\/div>\n\t\t<div class=\"wd-negative-gap elementor-element elementor-element-addafd6 e-flex e-con-boxed e-con e-parent\" data-id=\"addafd6\" data-element_type=\"container\">\n\t\t\t\t\t<div class=\"e-con-inner\">\n\t\t<div class=\"elementor-element elementor-element-8c1bd9b e-con-full e-flex e-con e-child\" data-id=\"8c1bd9b\" data-element_type=\"container\">\n\t\t\t\t<div class=\"elementor-element elementor-element-b9580c3 elementor-widget elementor-widget-html\" data-id=\"b9580c3\" data-element_type=\"widget\" data-widget_type=\"html.default\">\n\t\t\t\t\t<iframe loading=\"lazy\" width=\"500px\" height=\"500px\" src=\"https:\/\/www.youtube.com\/embed\/sTrlov6R_nA\" title=\"MELYAT &amp; BURHAN - Wedding Trailer 4K | by @Ayd\u0131n Ayd\u0131n\" frameborder=\"0\" allow=\"accelerometer; autoplay; clipboard-write; encrypted-media; gyroscope; picture-in-picture; web-share\" referrerpolicy=\"strict-origin-when-cross-origin\" allowfullscreen><\/iframe>\t\t\t\t<\/div>\n\t\t\t\t<\/div>\n\t\t<div class=\"elementor-element elementor-element-b69c38c e-con-full e-flex e-con e-child\" data-id=\"b69c38c\" data-element_type=\"container\">\n\t\t\t\t<\/div>\n\t\t\t\t\t<\/div>\n\t\t\t\t<\/div>\n\t\t\t\t<\/div>","protected":false},"excerpt":{"rendered":"<p>D\u00dc\u011e\u00dcNLER<\/p>","protected":false},"author":1,"featured_media":0,"parent":0,"menu_order":0,"comment_status":"closed","ping_status":"closed","template":"","meta":{"footnotes":""},"class_list":["post-1441","page","type-page","status-publish","hentry"],"_links":{"self":[{"href":"https:\/\/photospott.com\/tr\/wp-json\/wp\/v2\/pages\/1441","targetHints":{"allow":["GET"]}}],"collection":[{"href":"https:\/\/photospott.com\/tr\/wp-json\/wp\/v2\/pages"}],"about":[{"href":"https:\/\/photospott.com\/tr\/wp-json\/wp\/v2\/types\/page"}],"author":[{"embeddable":true,"href":"https:\/\/photospott.com\/tr\/wp-json\/wp\/v2\/users\/1"}],"replies":[{"embeddable":true,"href":"https:\/\/photospott.com\/tr\/wp-json\/wp\/v2\/comments?post=1441"}],"version-history":[{"count":7,"href":"https:\/\/photospott.com\/tr\/wp-json\/wp\/v2\/pages\/1441\/revisions"}],"predecessor-version":[{"id":1697,"href":"https:\/\/photospott.com\/tr\/wp-json\/wp\/v2\/pages\/1441\/revisions\/1697"}],"wp:attachment":[{"href":"https:\/\/photospott.com\/tr\/wp-json\/wp\/v2\/media?parent=1441"}],"curies":[{"name":"wp","href":"https:\/\/api.w.org\/{rel}","templated":true}]}}