{"id":1044,"date":"2026-01-26T13:53:28","date_gmt":"2026-01-26T13:53:28","guid":{"rendered":"https:\/\/dev.photospott.com\/?page_id=1044"},"modified":"2026-02-08T02:07:49","modified_gmt":"2026-02-08T02:07:49","slug":"avtomobilna-fotografia","status":"publish","type":"page","link":"https:\/\/photospott.com\/tr\/avtomobilna-fotografia\/","title":{"rendered":"\u0410\u0432\u0442\u043e\u043c\u043e\u0431\u0438\u043b\u043d\u0430 \u0444\u043e\u0442\u043e\u0433\u0440\u0430\u0444\u0438\u044f"},"content":{"rendered":"<div data-elementor-type=\"wp-page\" data-elementor-id=\"1044\" class=\"elementor elementor-1044\" data-elementor-post-type=\"page\">\n\t\t\t\t<div class=\"wd-negative-gap elementor-element elementor-element-774172c wd-section-stretch-content e-flex e-con-boxed e-con e-parent\" data-id=\"774172c\" data-element_type=\"container\">\n\t\t\t\t\t<div class=\"e-con-inner\">\n\t\t\t\t<div class=\"elementor-element elementor-element-3590a17 wd-animation-slide-from-top wd-animation-fast wd_delay_100 wd-animation wd-transform elementor-widget elementor-widget-heading\" data-id=\"3590a17\" data-element_type=\"widget\" data-widget_type=\"heading.default\">\n\t\t\t\t\t<h2 class=\"elementor-heading-title elementor-size-default\">OTOMOB\u0130L FOTO\u011eRAF\u00c7ILI\u011eI<\/h2>\t\t\t\t<\/div>\n\t\t\t\t\t<\/div>\n\t\t\t\t<\/div>\n\t\t<div class=\"elementor-element elementor-element-e98bca3 wd-section-stretch-content e-flex e-con-boxed e-con e-parent\" data-id=\"e98bca3\" data-element_type=\"container\">\n\t\t\t\t\t<div class=\"e-con-inner\">\n\t\t<div class=\"elementor-element elementor-element-b10d4e2 e-con-full e-flex e-con e-child\" data-id=\"b10d4e2\" data-element_type=\"container\">\n\t\t\t\t<div class=\"elementor-element elementor-element-732dbea wd-width-100 elementor-widget elementor-widget-wd_images_gallery\" data-id=\"732dbea\" data-element_type=\"widget\" data-widget_type=\"wd_images_gallery.default\">\n\t\t\t\t<div class=\"elementor-widget-container\">\n\t\t\t\t\t\t\t<div class=\"wd-images-gallery photoswipe-images\" style=\"--wd-align-items:center; --wd-justify-content:center;\">\n\t\t\t\t\t\t<div class=\"wd-masonry wd-grid-f-col\" style=\"--wd-col-lg:3;--wd-col-md:3;--wd-col-sm:1;--wd-gap-lg:10px;\" >\n\t\t\t\t\t\t\t\t\t\t\t\t\t\t\t\t\t\t\t\t\t\t\t\t\t\t\t\t\t\t\t\t\t\t\t\t\t\t\t\t\t\t\t\t\t\t<\/div>\n\t\t\t\t\t<\/div>\n\t\t\t\t\t\t<\/div>\n\t\t\t\t<\/div>\n\t\t\t\t<\/div>\n\t\t\t\t\t<\/div>\n\t\t\t\t<\/div>\n\t\t\t\t<\/div>","protected":false},"excerpt":{"rendered":"<p>OTOMOB\u0130L FOTO\u011eRAF\u00c7ILI\u011eI<\/p>","protected":false},"author":1,"featured_media":0,"parent":0,"menu_order":0,"comment_status":"closed","ping_status":"closed","template":"","meta":{"footnotes":""},"class_list":["post-1044","page","type-page","status-publish","hentry"],"_links":{"self":[{"href":"https:\/\/photospott.com\/tr\/wp-json\/wp\/v2\/pages\/1044","targetHints":{"allow":["GET"]}}],"collection":[{"href":"https:\/\/photospott.com\/tr\/wp-json\/wp\/v2\/pages"}],"about":[{"href":"https:\/\/photospott.com\/tr\/wp-json\/wp\/v2\/types\/page"}],"author":[{"embeddable":true,"href":"https:\/\/photospott.com\/tr\/wp-json\/wp\/v2\/users\/1"}],"replies":[{"embeddable":true,"href":"https:\/\/photospott.com\/tr\/wp-json\/wp\/v2\/comments?post=1044"}],"version-history":[{"count":14,"href":"https:\/\/photospott.com\/tr\/wp-json\/wp\/v2\/pages\/1044\/revisions"}],"predecessor-version":[{"id":1387,"href":"https:\/\/photospott.com\/tr\/wp-json\/wp\/v2\/pages\/1044\/revisions\/1387"}],"wp:attachment":[{"href":"https:\/\/photospott.com\/tr\/wp-json\/wp\/v2\/media?parent=1044"}],"curies":[{"name":"wp","href":"https:\/\/api.w.org\/{rel}","templated":true}]}}